{"id":15,"date":"2015-02-25T17:56:09","date_gmt":"2015-02-25T17:56:09","guid":{"rendered":"http:\/\/www.bodhiavasa.net\/?page_id=5"},"modified":"2022-06-12T13:33:42","modified_gmt":"2022-06-12T13:33:42","slug":"home","status":"publish","type":"page","link":"https:\/\/bodhiavasa.net\/it\/","title":{"rendered":"Home"},"content":{"rendered":"<p>[vc_row][vc_column][vc_single_image image=&#8221;3177&#8243; img_size=&#8221;full&#8221; alignment=&#8221;center&#8221; css=&#8221;.vc_custom_1449847076506{margin: 0px !important;border-width: 0px !important;padding: 0px !important;}&#8221;][\/vc_column][\/vc_row][vc_row][vc_column][vc_column_text]<h2>All is yourself<\/h2><p style=\"text-align: justify;\">Condivido ci\u00f2 che dici, nel senso che so che ci\u00f2 che dici \u00e8 parte della tua esperienza ed \u00e8 reale, ma per quanto mi sforzi non ho idea di ci\u00f2 che realmente tu voglia dire perch\u00e9 la forma attraverso cui l&#8217;Uno si manifesta (ossia me) non \u00e8 risvegliata, altrimenti non ci sarebbero problemi. Accetto il fatto che c&#8217;\u00e8 un unico Uno che manifesta attraverso varie forme, ma per poter parlare di risveglio forse questo deve essere sperimentato da ciascuna delle varie forme, altrimenti perch\u00e9 ad un certo punto una particolare forma comprende la Realt\u00e0 di ci\u00f2 che \u00e8 mentre le altre continuano a rimanerne fuori? Deve necessariamente accadere qualcosa affinch\u00e9 questo avvenga, e se avviene per me e tu rimani nel sonno, questo unico Uno forse \u00e8 frammentato egli stesso e il suo completo risveglio pu\u00f2 avvenire solo nel risveglio di &#8220;tutte&#8221; le forme attraverso cui manifesta. C&#8217;\u00e8 solo l&#8217;Uno e questo \u00e8 visto solo da alcune forme, perch\u00e9 non da tutte? Qual&#8217;\u00e8 la differenza tra una forma e l&#8217;altra? L&#8217;Amore dell&#8217;Uno si manifesta attraverso singole forme, cosa \u00e8 accaduto? se tutto \u00e8 gi\u00e0 illuminazione?<\/p>\n<p style=\"text-align: justify;\">Se immagini di essere il corpo\/mente ti sei limitato ad un modo di vedere te stesso.<br \/>\nIn quel modo sembra che sia vero che ci siano altri in altri corpi\/mente.<br \/>\nNell&#8217;istante in cui vedi ci\u00f2 che veramente sei \u00e8 ovvio che non ci sono altri, tutto \u00e8 te stesso.<br \/>\nQuindi dal punto di vista da cui vedi te stesso come corpo\/mente<br \/>\nla separazione sembra essere vera.<br \/>\nQuando vedi che non hai nessuna localizzazione allora si \u00e8 ogni cosa, si \u00e8 in ogni dove, si \u00e8 in ogni cosa.<br \/>\nQuesto significa che si era sempre l&#8217;Uno ma non lo si vedeva, ci\u00f2 non di meno lo si era ed era sempre cos\u00ec, si era sempre ci\u00f2 che \u00e8 in ogni forma e che appare come ogni forma.<br \/>\nIn alcune forme il S\u00e9 non \u00e8 riconosciuto a causa l&#8217;identificazione con il corpo\/mente e in altre questa identificazione non \u00e8 pi\u00f9 presente.<br \/>\nQualunque sia il caso sta sempre accadendo all&#8217;Uno. C&#8217;\u00e8 solo l&#8217;Uno.<\/p>\n<p style=\"text-align: justify;\"><em>Avasa<\/em><\/p>\n<p style=\"text-align: justify;\">Se immagino di essere il corpo\/mente, allora potrei anche immaginare di non esserlo ed in QUEL CASO vedrei l&#8217;Uno. Allora DEVE accadere qualcosa, e chi lo fa accadere? Se non c&#8217;\u00e8 nessuno l\u00ec che possa fare niente? &#8220;Quando vedi che non hai nessuna localizzazione&#8230;&#8221; CHI E&#8217; CHE VEDE? La mia mente (!) non pu\u00f2 far altro che inchinarsi di fronte a tale mistero&#8230;<\/p>\n<p style=\"text-align: justify;\">L&#8217;Uno che sta vedendo non \u00e8 un CHI, c&#8217;\u00e8 ancora ci\u00f2 che \u00e8 detto qui il concetto di un qualcuno che vede, non c&#8217;\u00e8 nessuno, c&#8217;\u00e8 solo il vedere che accade.<br \/>\nIl corpo \u00e8 VISTO, ma ci\u00f2 che sta facendo questo vedere non \u00e8 n\u00e9 il corpo, n\u00e9 la mente, \u00e8 nulla, vuoto.<br \/>\nNaturalmente questo \u00e8 difficile da cogliere intellettualmente, infatti \u00e8 impossibile da cogliere, deve essere VISTO.<br \/>\nS\u00ec, naturalmente puoi (e lo fai) immaginarti di essere un corpo\/mente e puoi anche immaginare di non essere questo ma entrambi sono giochi mentali, non sono vedere. Nel vedere non c&#8217;\u00e8 sforzo e non c&#8217;\u00e8 nessuno lo sta facendo.<br \/>\nNessuno pu\u00f2 far accadere tutto questo perch\u00e9 non c&#8217;\u00e8 nessuno LOL<br \/>\nLo so \u00e8 frustrante quando davvero vuoi capire, e va bene cos\u00ec, perch\u00e9 questa frustrazione \u00e8 necessaria: \u00e8 una necessit\u00e0 che porta ad una resa del fatto che tutto questo possa essere compiuto dall&#8217;ego.<br \/>\nQuando il risveglio accade,esso accade, non c&#8217;\u00e8 nessuno presente che lo faccia accadere.<br \/>\nGli occhi sbattono le palpebre, accade, non \u00e8 richiesto che qualcuno lo faccia succedere.<br \/>\nCi\u00f2 che \u00e8 sentito l\u00ec sta accadendo, se ci fosse un qualcuno in controllo non penso proprio che sceglierebbe di farlo accadere!<br \/>\nUn abbraccio<\/p>\n<p style=\"text-align: justify;\"><em>Avasa<\/em><\/p>\n[\/vc_column_text][vc_video link=&#8221;https:\/\/youtu.be\/H2blYwqrLgE&#8221; el_width=&#8221;60&#8243; align=&#8221;center&#8221;][vc_column_text]<\/p>\n<p style=\"text-align: justify;\">Quello che viene condiviso qui \u00e8 un messaggio del tutto radicale e senza compromessi.\u00a0Non d\u00e0 indicazioni e non suggerisce di fare alcunch\u00e9.\u00a0Non richiede che tu sia in qualche modo particolare, ma piuttosto che tu non sia richiesto.<!--more--><\/p>\n<p style=\"text-align: justify;\">Parla di ci\u00f2 che \u00e8 sempre stato presente e che esiste anche ora, ma che \u00e8 stato e che \u00e8 anche adesso del tutto ignorato.<\/p>\n<p style=\"text-align: justify;\">Cerca di descrivere un paradosso. Quando nasciamo il senso di separazione tra il corpo e ci\u00f2 che lo circonda non \u00e8 presente, mentre dopo alcuni anni sorge un senso di identit\u00e0 e tutti attorno a te ti confermeranno che tu sei una persona reale, con una sua libera scelta e arbitrio, e che devi lavorare sodo per essere degno, soddisfatto&#8230; che devi far funzionare la tua vita. Una sensazione di contrazione \u00e8 presente e diventa il centro da cui i pensieri, le emozioni e le azioni sembreranno sorgere. Adesso sei un qualcuno e la vita sta accadendo a te, e devi difenderti dalle minacce, devi cercare piacere ed evitare il dolore. Credi davvero di poter fare tutte queste cose. Si diventa ricercatori, alla ricerca di qualcosa che possa colmare quella sottile insoddisfazione, un sottile ma profondo senso di mancanza. Quello che questo messaggio descrive \u00e8 che la credenza di avere un\u2019identit\u00e0,\u00a0un &#8220;me&#8221; separato tra altri &#8220;me&#8221; separati in un mondo separato, \u00e8 un\u2019illusione.<\/p>\n<p style=\"text-align: justify;\">Non c\u2019\u00e8 nessuno e non c\u2019\u00e8 mai stato.Tutto semplicemente accade e non c\u2019\u00e8 mai nessuno in controllo di alcunch\u00e9.\u00a0Anche ora non c\u2019\u00e8 nessuno che stia leggendo questo, anche se qualcosa l\u00ec \u00e8 fortemente convinto che non sia cos\u00ec.\u00a0C\u2019\u00e8 solo QUESTO ed \u00e8 NULLA che appare come QUESTO.\u00a0Questo non pu\u00f2 essere capito o afferrato dal &#8220;me&#8221;, ma qualcosa pu\u00f2 risuonare l\u00ec, dato che questa \u00e8 la vera natura di ci\u00f2 che si \u00e8.\u00a0In QUESTO TUTT&#8217;UNO ogni cosa pu\u00f2 sorgere, anche la sensazione che la separazione sia reale, e quella sensazione pu\u00f2 cadere. Non c\u2019\u00e8 bisogno che accada n\u00e8, esiste una causa che lo faccia accadere. L\u2019illusione pu\u00f2 rimanere fino alla morte o pu\u00f2 collassare proprio ora.\u00a0Quando questo \u00e8 visto (da nessuno), diventa chiaro che quello a cui anelavamo tutto il tempo non era mai andato via.\u00a0C&#8217;\u00e8 tutto e nulla. QUESTO \u00e8 pura gioia, amore e libert\u00e0.<\/p>\n<p style=\"text-align: justify;\">Emozioni, pensieri, sensazioni possono ancora sorgere in Questo, ma non sono possedute da un qualcuno di separato. Non c&#8217;\u00e8 pi\u00f9 una sofferenza personale, c&#8217;\u00e8 solo un fluire dell&#8217;energia.<\/p>\n<p style=\"text-align: justify;\">Il vedere QUESTO non \u00e8 un\u2019esperienza che puoi fare accadere attraverso un qualche agire, perch\u00e9 in questo vedere tu non ci sarai.\u00a0QUESTO non appartiene a nessuno.\u00a0Il vedere QUESTO, il cosiddetto risveglio, liberazione o illuminazione, pu\u00f2 accadere o non accade.\u00a0Non c\u2019\u00e8 alcuna direzione o scopo nella VITA.\u00a0Non c\u2019\u00e8 nessuno l\u00ec che possa fare alcunch\u00e9 al riguardo.\u00a0Anche quando il te immaginario si sente senza speranza e senza possibilit\u00e0 di aiuto c\u2019\u00e8 solo l\u2019essere senza speranza e possibilit\u00e0 di aiuto che accade.<\/p>\n<p>[\/vc_column_text][\/vc_column][\/vc_row]<\/p>","protected":false},"excerpt":{"rendered":"<p>[vc_row][vc_column][vc_single_image image=&#8221;3177&#8243; img_size=&#8221;full&#8221; alignment=&#8221;center&#8221; css=&#8221;.vc_custom_1449847076506{margin: 0px !important;border-width: 0px !important;padding: 0px !important;}&#8221;][\/vc_column][\/vc_row][vc_row][vc_column][vc_column_text][\/vc_column_text][vc_video link=&#8221;https:\/\/youtu.be\/H2blYwqrLgE&#8221; el_width=&#8221;60&#8243; align=&#8221;center&#8221;][vc_column_text] Quello che viene condiviso qui \u00e8 un messaggio del tutto radicale e senza compromessi.\u00a0Non d\u00e0 indicazioni e non suggerisce di fare alcunch\u00e9.\u00a0Non richiede che tu sia in qualche modo particolare, ma piuttosto che tu non sia richiesto.<\/p>\n","protected":false},"author":2,"featured_media":0,"parent":0,"menu_order":0,"comment_status":"closed","ping_status":"closed","template":"","meta":{"footnotes":""},"class_list":["post-15","page","type-page","status-publish","hentry","entry"],"_links":{"self":[{"href":"https:\/\/bodhiavasa.net\/it\/wp-json\/wp\/v2\/pages\/15","targetHints":{"allow":["GET"]}}],"collection":[{"href":"https:\/\/bodhiavasa.net\/it\/wp-json\/wp\/v2\/pages"}],"about":[{"href":"https:\/\/bodhiavasa.net\/it\/wp-json\/wp\/v2\/types\/page"}],"author":[{"embeddable":true,"href":"https:\/\/bodhiavasa.net\/it\/wp-json\/wp\/v2\/users\/2"}],"replies":[{"embeddable":true,"href":"https:\/\/bodhiavasa.net\/it\/wp-json\/wp\/v2\/comments?post=15"}],"version-history":[{"count":22,"href":"https:\/\/bodhiavasa.net\/it\/wp-json\/wp\/v2\/pages\/15\/revisions"}],"predecessor-version":[{"id":3822,"href":"https:\/\/bodhiavasa.net\/it\/wp-json\/wp\/v2\/pages\/15\/revisions\/3822"}],"wp:attachment":[{"href":"https:\/\/bodhiavasa.net\/it\/wp-json\/wp\/v2\/media?parent=15"}],"curies":[{"name":"wp","href":"https:\/\/api.w.org\/{rel}","templated":true}]}}