{"id":23,"date":"2015-02-26T13:08:05","date_gmt":"2015-02-26T13:08:05","guid":{"rendered":"http:\/\/www.bodhiavasa.net\/?page_id=23"},"modified":"2015-02-26T13:08:05","modified_gmt":"2015-02-26T13:08:05","slug":"biography","status":"publish","type":"page","link":"https:\/\/bodhiavasa.net\/it\/biography\/","title":{"rendered":"Biography"},"content":{"rendered":"<p><\/p>\n<p style=\"text-align: justify;\">Avasa nasce in Galles nel novembre del 1947 da madre anglo-francese e padre per met\u00e0 tedesco e per met\u00e0 indiano \u00a0e cresce come un ragazzo di campagna.<\/p>\n<p style=\"text-align: justify;\">Molto di quello che \u00e8 divenuto pi\u00f9 tardi il suo modo di condividere viene dal suo contatto con la natura e dall&#8217;ambiente in cui si trovava nei primi anni della sua infanzia.\u00a0Anche oggi, quando non \u00e8 in compagnia degli amici in incontri e ritiri, passa la maggior parte del tempo immerso nella natura.<\/p>\n<p style=\"text-align: justify;\">All\u2019et\u00e0 di 15 anni si imbarca\u00a0con\u00a0una compagnia britannica mercantile alla scoperta del mondo, gi\u00e0 consapevole di cercare\u00a0qualcosa che non poteva essere trovato nelle cose di cui aveva gi\u00e0 fatto esperienza.<\/p>\n<p style=\"text-align: justify;\">Dopo una serie di momenti di chiarezza durante la giovinezza, all\u2019et\u00e0 di 23 anni avviene\u00a0il risveglio, senza pratiche spirituali, metodi o guru. Se ne \u00e9 mai esistito\u00a0uno, la Vita stessa \u00e8 stato il suo cammino. La condivisione inizia da quel momento, quando le persone cominciano a sentirsi attratte da lui in modo naturale. Ancora oggi tiene incontri e ritiri in Europa, l\u00e0 dove viene invitato.<\/p>\n<p style=\"text-align: justify;\">Il suo modo di condividere non ha\u00a0nulla di speciale, religioso o spirituale<em>.<\/em>\u00a0L\u2019illuminazione \u00e9\u00a0qualcosa di molto pi\u00f9 semplice e ordinario. E\u2019 questo che rende il suo messaggio cos\u00ec disponibile e che pu\u00f2\u00a0permettere a tutti di vedere che ci\u00f2 che\u00a0\u00e8 vero di lui \u00e8 gi\u00e0 vero anche di loro.<\/p>\n<p style=\"text-align: center;\"><cite>\u201cSiamo gi\u00e0 tutti e siamo sempre stati un Unico Essere.<br \/>\nQuesto messaggio pu\u00f2 essere condiviso solo nell\u2019Amicizia.\u201d<\/cite><\/p>\n<p>Avasa non \u00e9 un maestro, e non sostiene\u00a0coloro che giocano il ruolo dell&#8217;insegnante. Da questa posizione incoraggia la condivisione di tutti\u00a0coloro che esprimono la stessa realizzazione, che prende forma\u00a0attraverso la gioia e le risate.<\/p>\n<p>Il messaggio \u00e8 quindi sempre fresco e nuovo e porta con s\u00e9 un&#8217;esperienza di risveglio\u00a0vissuta da oltre quarant&#8217;anni.<\/p>\n<p style=\"text-align: center;\"><em>Ci\u00f2 che arriva ATTRAVERSO questa forma non viene DA questa forma.<br \/>\n<\/em><em>E\u2019 una espressione diretta del Vuoto e, sia che questo sia realizzato o meno come tale,<br \/>\n<\/em><em>\u00e8 espresso direttamente AL Vuoto.<\/em><\/p>\n<p style=\"text-align: center;\">\u00a0 \u00a0 \u00a0 \u00a0 \u00a0 \u00a0 \u00a0 \u00a0 \u00a0 \u00a0 \u00a0 \u00a0 \u00a0 \u00a0 \u00a0 \u00a0 \u00a0 \u00a0 \u00a0 \u00a0 \u00a0 \u00a0 \u00a0 \u00a0 \u00a0 \u00a0 \u00a0 \u00a0 \u00a0 \u00a0 \u00a0 \u00a0<em>Avasa<\/em><\/p>\n<p><\/p>","protected":false},"excerpt":{"rendered":"<p>Avasa nasce in Galles nel novembre del 1947 da madre anglo-francese e padre per met\u00e0 tedesco e per met\u00e0 indiano \u00a0e cresce come un ragazzo di campagna. Molto di quello che \u00e8 divenuto pi\u00f9 tardi il suo modo di condividere viene dal suo contatto con la natura e dall&#8217;ambiente in cui si trovava nei primi&hellip; <a class=\"more-link\" href=\"https:\/\/bodhiavasa.net\/it\/biography\/\">Continua a leggere <span class=\"screen-reader-text\">Biography<\/span><\/a><\/p>\n","protected":false},"author":2,"featured_media":0,"parent":0,"menu_order":11,"comment_status":"closed","ping_status":"closed","template":"","meta":{"footnotes":""},"class_list":["post-23","page","type-page","status-publish","hentry","entry"],"_links":{"self":[{"href":"https:\/\/bodhiavasa.net\/it\/wp-json\/wp\/v2\/pages\/23","targetHints":{"allow":["GET"]}}],"collection":[{"href":"https:\/\/bodhiavasa.net\/it\/wp-json\/wp\/v2\/pages"}],"about":[{"href":"https:\/\/bodhiavasa.net\/it\/wp-json\/wp\/v2\/types\/page"}],"author":[{"embeddable":true,"href":"https:\/\/bodhiavasa.net\/it\/wp-json\/wp\/v2\/users\/2"}],"replies":[{"embeddable":true,"href":"https:\/\/bodhiavasa.net\/it\/wp-json\/wp\/v2\/comments?post=23"}],"version-history":[{"count":0,"href":"https:\/\/bodhiavasa.net\/it\/wp-json\/wp\/v2\/pages\/23\/revisions"}],"wp:attachment":[{"href":"https:\/\/bodhiavasa.net\/it\/wp-json\/wp\/v2\/media?parent=23"}],"curies":[{"name":"wp","href":"https:\/\/api.w.org\/{rel}","templated":true}]}}