{"id":2742,"date":"2015-03-19T11:20:56","date_gmt":"2015-03-19T11:20:56","guid":{"rendered":"http:\/\/www.bodhiavasa.net\/?page_id=2742"},"modified":"2015-03-19T11:20:56","modified_gmt":"2015-03-19T11:20:56","slug":"activities","status":"publish","type":"page","link":"https:\/\/bodhiavasa.net\/it\/activities\/","title":{"rendered":"Activities"},"content":{"rendered":"<p><em>Condividendo lo spazio insieme per un periodo di alcuni giorni c\u2019\u00e8 una energia che si stabilizza. Non appartiene a nessuno in particolare eppure ognuno contribuisce alla sua manifestazione. E\u2019 un campo energetico che porta via quello che non \u00e8 pi\u00f9 richiesto e rivela nuove informazioni. E\u2019 un campo di energia che \u00e8 ben conosciuto ma poco capito dalla scienza del quanto. Il costruirsi e l\u2019accesso a questo campo accade per conto suo. Una volta toccato si realizza che esso \u00e8 molto reale e non immaginario. La verit\u00e0 di ci\u00f2 che siamo pu\u00f2 essere condivisa solo attraverso l\u2019amicizia, le risate e l\u2019Amore.<\/em><\/p>\n<p>Avasa<\/p>\n<p><strong>INCONTRI<br \/>\n<\/strong>Avasa tiene occasionalmente degli incontri di domanda e risposta (tradizionalmente chiamati satsang) in cui al di l\u00e0 delle parole \u00e8 possibile condividere consciamente il Silenzio del nostro Essere.<\/p>\n<p><strong>RITIRI<br \/>\n<\/strong>Avasa tiene alcune volte l\u2019anno ritiri in cui \u00e8 possibile approfondire il messaggio del risveglio. Facciamo energy dance due volte al giorno e un incontro di domande e risposte alla mattina e uno alla sera. Il pomeriggio consiste in esserci sul vedere il proprio vero S\u00e9 e una discussioni su questo. In genere i ritiri durano tra i sette e i dieci giorni, ma si pu\u00f2 anche scegliere di venire solo alcuni giorni. Gli incontri di domande e risposte sono aperti al pubblico e accadono dalle 11 alle 13 e dalle nove di sera fino a mezzanotte e oltre se necessario. I tempi e la struttura del ritiro variano a seconda di come l\u2019energia del ritiro si muove.<\/p>\n<p><strong>Nota<br \/>\n<\/strong><em>Questa condivisione accade in amicizia, io non sono un guru o un insegnante e non ho n\u00e9 desidero avere discepoli o studenti.<\/em> <em>Ci\u00f2 che viene condiviso qui \u00e8 la mia percezione della mia esperienza di Vita, nulla di ci\u00f2 che \u00e8 espresso a mio nome, in qualunque modo sia comunicato, ovvero attraverso i miei incontri di persona o su un CD o un DVD o sul mio sito o in scritti \u00e8 semplicemente una affermazione di quello che trovo vero per me stesso.<\/em> <em>Se nell\u2019udire questo scopri qualcosa a cui senti di poterti relazionare, o che risuoni in te, che possa essere la tua esperienza, questa \u00e8 la tua interpretazione di ci\u00f2 che dico e non sono in nessun modo responsabile di ci\u00f2 che \u00e8 essenzialmente tuo e di che uso tu possa fare di tale interpretazione.\u00a0<\/em> <em>Non c\u2019\u00e8 nessun desiderio o intenzione in questa condivisione di influenzare nessuno altro o di cambiare il loro stile di vita. Io non sono una autorit\u00e0 sulla vita di qualcun altro o su come loro pensano di dover vivere la loro vita.\u00a0<\/em> <em>Qualunque risposta o reazione a quello che viene condiviso \u00e8 quindi una loro propria responsabilit\u00e0.<\/em><\/p>\n<p><em>Avasa (Adrian Meyers)<\/em><\/p>","protected":false},"excerpt":{"rendered":"<p>Condividendo lo spazio insieme per un periodo di alcuni giorni c\u2019\u00e8 una energia che si stabilizza. Non appartiene a nessuno in particolare eppure ognuno contribuisce alla sua manifestazione. E\u2019 un campo energetico che porta via quello che non \u00e8 pi\u00f9 richiesto e rivela nuove informazioni. E\u2019 un campo di energia che \u00e8 ben conosciuto ma&hellip; <a class=\"more-link\" href=\"https:\/\/bodhiavasa.net\/it\/activities\/\">Continua a leggere <span class=\"screen-reader-text\">Activities<\/span><\/a><\/p>\n","protected":false},"author":2,"featured_media":0,"parent":0,"menu_order":6,"comment_status":"closed","ping_status":"closed","template":"","meta":{"footnotes":""},"class_list":["post-2742","page","type-page","status-publish","hentry","entry"],"_links":{"self":[{"href":"https:\/\/bodhiavasa.net\/it\/wp-json\/wp\/v2\/pages\/2742","targetHints":{"allow":["GET"]}}],"collection":[{"href":"https:\/\/bodhiavasa.net\/it\/wp-json\/wp\/v2\/pages"}],"about":[{"href":"https:\/\/bodhiavasa.net\/it\/wp-json\/wp\/v2\/types\/page"}],"author":[{"embeddable":true,"href":"https:\/\/bodhiavasa.net\/it\/wp-json\/wp\/v2\/users\/2"}],"replies":[{"embeddable":true,"href":"https:\/\/bodhiavasa.net\/it\/wp-json\/wp\/v2\/comments?post=2742"}],"version-history":[{"count":0,"href":"https:\/\/bodhiavasa.net\/it\/wp-json\/wp\/v2\/pages\/2742\/revisions"}],"wp:attachment":[{"href":"https:\/\/bodhiavasa.net\/it\/wp-json\/wp\/v2\/media?parent=2742"}],"curies":[{"name":"wp","href":"https:\/\/api.w.org\/{rel}","templated":true}]}}