{"id":97,"date":"2015-03-05T14:36:27","date_gmt":"2015-03-05T14:36:27","guid":{"rendered":"http:\/\/www.bodhiavasa.net\/?page_id=97"},"modified":"2015-03-05T14:36:27","modified_gmt":"2015-03-05T14:36:27","slug":"comments","status":"publish","type":"page","link":"https:\/\/bodhiavasa.net\/it\/comments\/","title":{"rendered":"Comments"},"content":{"rendered":"<p><\/p>\n<p style=\"text-align: justify;\">La realizzazione della nostra vera natura porta con s\u00e9 cambiamenti radicali in ogni aspetto della vita. Corpo, mente, relazioni, tutto il mondo viene trasformato e processato in quel vuoto da cui l\u2019essere prende forma, in cui tutto \u00e8 e che Io Sono.<\/p>\n<p style=\"text-align: justify;\">Se vuoi condividere la tua esperienza e il cambiamento avvenuto dopo aver ascoltato il messaggio di Avasa <span style=\"color: #333333;\"><a style=\"color: #333333;\" href=\"http:\/\/www.bodhiavasa.net\/contact\/\">contattaci<\/a><\/span>.<\/p>\n<hr class=\"ttfmake-hr\" style=\"border-style: double; border-top-width: 6px;\" \/>\n<p style=\"text-align: center;\"><span style=\"font-size: 1.4rem; line-height: 1.55;\">Questa notte ne sono successe di tutti i colori! Ieri sono letteralmente scappata dal ritiro: avevo raggiunto il mio limite, per stanchezza ed emozione. Il viaggio di ritorno \u00e8 stato condito da lacrime e angoscia, allo stato puro. Poi ecco quello che \u00e8 accaduto \u2026 Mi sono svegliata improvvisamente alle 3 del mattino, sopraffatta dalla chiarezza. Vedevo della luce attraverso le persiane della mia camera, mi sono anche affacciata per capire \u2026 La luce era decisamente dentro di me, fuori era notte. Mille \u2018pensieri\u2019 sono sorti, senza che io li pensassi: non posso fare nulla; non dipende da me; non ho colpa; va tutto bene; se ora la forma \u00e8 Daniele, che sia Daniele; se ora la forma sono mia madre e mio padre, che siano loro. Ogni cosa \u00e8 giusta, e se vorra\u2019 cambiare ed \u00e8 giusto che cambi, cambiera\u2019 nonostante me. Come non bastasse, ad un dato momento quello che avevo visto accadere al ritiro, con stupore e incredulita\u2019 e con la certezza che a me non sarebbe MAI potuto succedere, mi prende: mi sono tarantolata!!!! Alle 4 del mattino, nel mio letto in un sottotetto in Liguria, ho cominciato a sobbalzare come una grillo, senza poterci credere \u2026 \u00c8 andata avanti un\u201dora buona, e non ho avuto nemmeno PAURA, ci credi?! Mi sa che questa volta non si torna indietro. Non ho avuto il coraggio di porre domande ( e ce n\u2019era una enorme sulla morte la paura e l\u2019amore). GRAZIE.<\/span><\/p>\n<p style=\"text-align: center;\">Rebecca, 18.08.2014<\/p>\n<hr class=\"ttfmake-hr\" style=\"border-style: solid; border-top-width: 1px;\" \/>\n<p style=\"text-align: center;\"><span style=\"font-size: 1.4rem; line-height: 1.55;\">Non avrei dovuto andare al ritiro. Ero cos\u00ec spaventata! Poi mi sono trovata esattamente l\u00ec.<\/span><\/p>\n<p style=\"text-align: center;\">Una grande ondata di amore mi ha travolto. Inaspettatamente.<br \/>\nCos\u00ec forte e delicata da svegliare tutti i miei sentimenti<br \/>\ne gettarmi indietro dove neanche il nulla esiste.<br \/>\nFortunata! Ringrazio la vita per avermi portato l\u00ec.<br \/>\nStavo quasi per perderlo!<br \/>\nAvasa, TI AMO<br \/>\nEcho Angela, 4.11.2013<\/p>\n<hr class=\"ttfmake-hr\" style=\"border-style: solid; border-top-width: 1px;\" \/>\n<p style=\"text-align: center;\"><span style=\"font-size: 1.4rem; line-height: 1.55;\">ciao amore mio,<\/span><\/p>\n<p style=\"text-align: center;\">l\u2019aggettivo appropirato per definire l\u2019ultimo ritiro \u00e8 stata la \u201cchiarezza\u201d, se prima la sentivo ora la vedo\u2026. Mi vedo in un bel film pronto a fare un volo pindarico, ma la fiducia, apertura e chiarezza sono con me, non ho paure e mi sento morbido\u2026. Grazie a te, durante ogni singolo ritiro, ho sentito e viste bruciare tante paure, una dietro l\u2019altra, lasciando cadere ogni rigidit\u00e0, tutto questo accade perch\u00e8 ricco d\u2019amore e consapevolezza che tu emani costantemente.<br \/>\nA presto mio adorato ballerino\u2026<br \/>\nSavasa,12.09.2013<\/p>\n<hr class=\"ttfmake-hr\" style=\"border-style: solid; border-top-width: 1px;\" \/>\n<p style=\"text-align: center;\"><span style=\"font-size: 1.4rem; line-height: 1.55;\">La vita mi ha fatto conoscere Avasa, adesso ho chiaro che non c\u2019entra nulla<\/span><\/p>\n<p style=\"text-align: center;\">che io abbia deciso questo.<br \/>\nAvasa non \u00e8 un \u201cMaestro\u201d definibile a parole. Non ama essere definito in alcun<br \/>\nche. Il maestro sono io, sei tu che stai leggendo questo commento. Ed \u00e8 in<br \/>\nquesta direzione che il messaggio di Avasa si muove. Mi chiede semplicemente di sperimentare ci\u00f2 che\u00a0a parole \u00e8 difficile esprimere. Incontrare Avasa \u00e8 incontrare la VERITA\u2019.<br \/>\nDifficile uscire da un ritiro ed essere uguali a prima. Questo commento \u00e8 un<br \/>\ninvito a non credere a queste parole, ma se le stesse ti stanno toccando, sar\u00e0<br \/>\nfacile che prima o poi verrai a condividere una bella esperienza<br \/>\nNino Norrito, 9.5.2013<\/p>\n<hr class=\"ttfmake-hr\" style=\"border-style: solid; border-top-width: 1px;\" \/>\n<p style=\"text-align: center;\"><span style=\"font-size: 1.4rem; line-height: 1.55;\">Ridere<\/span><\/p>\n<p style=\"text-align: center;\">Piangere<br \/>\nBallare<br \/>\nCantare<br \/>\nIl mondo gira<br \/>\ne sta fermo<br \/>\ndi momento in momento<br \/>\nnulla da fare<br \/>\nguardare e godere<br \/>\nvivere la vita in pieno.<br \/>\nLila Ma, Ritiro Casole d\u2019Elsa Maggio 2013<\/p>\n<hr class=\"ttfmake-hr\" style=\"border-style: solid; border-top-width: 1px;\" \/>\n<p style=\"text-align: center;\"><span style=\"font-size: 1.4rem; line-height: 1.55;\">Per quanto mi riguarda i ritiri sono come una roulette russa, dove non esiste una posta in gioco, dove o muori o continui a vivere come un essere separato.<\/span><\/p>\n<p style=\"text-align: center;\">Kumudra, Ritiro Casole d\u2019Elsa Maggio 2013<\/p>\n<hr class=\"ttfmake-hr\" style=\"border-style: solid; border-top-width: 1px;\" \/>\n<p style=\"text-align: center;\"><span style=\"font-size: 1.4rem; line-height: 1.55;\">Iniziare a scrivere con il desiderio di far capire l\u2019indescrivibile. A chi? A Dio! Adesso un bambino piange, or una risata, il mio cuore in pace, niente \u00e8 come sembra. La realizzazione di essere Dio mette la mente in pace. Il \u201cme\u201d non pu\u00f2 fare niente se non quello che fa! Le nuvole non possono annientare il sole. Il mio cuore si sta aprendo a quello che \u00e8! Quel vuoto pieno.<\/span><\/p>\n<p style=\"text-align: center;\">Anam, Ritiro Casole d\u2019Elsa Maggio 2013<\/p>\n<hr class=\"ttfmake-hr\" style=\"border-style: solid; border-top-width: 1px;\" \/>\n<p style=\"text-align: center;\"><span style=\"font-size: 1.4rem; line-height: 1.55;\">Apertura, Amore, Avasa. Grazie<\/span><\/p>\n<p style=\"text-align: center;\">Giampaolo, Ritiro Casole d\u2019Elsa Maggio 2013<\/p>\n<hr class=\"ttfmake-hr\" style=\"border-style: solid; border-top-width: 1px;\" \/>\n<p style=\"text-align: center;\"><span style=\"font-size: 1.4rem; line-height: 1.55;\">ncontrare Avasa, incontrare se stessi e scomparire insieme. Uno.<\/span><\/p>\n<p style=\"text-align: center;\">Alessandro Oliva, Ritiro Casole d\u2019Elsa Maggio 2013<\/p>\n<hr class=\"ttfmake-hr\" style=\"border-style: solid; border-top-width: 1px;\" \/>\n<p style=\"text-align: center;\"><span style=\"font-size: 1.4rem; line-height: 1.55;\">Qui vi \u00e8 solo Gratitudine e Grazie verso le coscienze che attraverso Avasa e Shakti ha permesso al S\u00e9 di vedere il S\u00e9.<\/span><\/p>\n<p style=\"text-align: center;\">Narmada, Ritiro Casole d\u2019Elsa Maggio 2013<\/p>\n<hr class=\"ttfmake-hr\" style=\"border-style: solid; border-top-width: 1px;\" \/>\n<p style=\"text-align: center;\"><span style=\"font-size: 1.4rem; line-height: 1.55;\">Sin da quando ero piccolo, avevo l\u2019abitudine di visitare i cimiteri. Questo \u00e8 senz\u2019altro il pi\u00f9 stupefacente che abbia mai visitato.<\/span><\/p>\n<p style=\"text-align: center;\">Chubby, Ritiro Casole d\u2019Elsa Maggio 2013<\/p>\n<hr class=\"ttfmake-hr\" style=\"border-style: solid; border-top-width: 1px;\" \/>\n<p style=\"text-align: center;\"><span style=\"font-size: 1.4rem; line-height: 1.55;\">Ho rincontrato un amico prezioso.<\/span><\/p>\n<p style=\"text-align: center;\">Viola, Ritiro Casole d\u2019Elsa Maggio 2013<\/p>\n<hr class=\"ttfmake-hr\" style=\"border-style: solid; border-top-width: 1px;\" \/>\n<p style=\"text-align: center;\"><span style=\"font-size: 1.4rem; line-height: 1.55;\">E\u2019 stato fantastico per tutto quello che mi \u201csono insegnato\u201d e per la musica: non pensavo una potenza armonica e sinfonica simile. Spero di venire anche al prossimo.<\/span><\/p>\n<p style=\"text-align: center;\">Alla prossima, un bacio!<br \/>\nFrancesco Forcella, Ritiro Casole d\u2019Elsa Maggio 2013<\/p>\n<hr class=\"ttfmake-hr\" style=\"border-style: solid; border-top-width: 1px;\" \/>\n<p style=\"text-align: center;\"><span style=\"font-size: 1.4rem; line-height: 1.55;\">Ancora, ancora una volta, presente, alla tua presenza, Avasa, Shakti, Anando e gli amici di questo momento, con il cuore che si nutre sempre, e cos\u00ec possa rimanere aperto alla bellezza nel Vuoto. Momenti preziosi da non dimenticare!<\/span><\/p>\n<p style=\"text-align: center;\">Questo ritiro l\u2019ho chiamato \u201cLa grande alchimia\u201d, la trasformazione dell\u2019oro, argento e tutti i metalli preziosi nello spazio vuoto, Vuoto!<br \/>\nCon amore,<br \/>\nTara Luna, Ritiro Casole d\u2019Elsa Maggio 2013<\/p>\n<hr class=\"ttfmake-hr\" style=\"border-style: solid; border-top-width: 1px;\" \/>\n<p style=\"text-align: center;\"><span style=\"font-size: 1.4rem; line-height: 1.55;\">Mi sento davvero grata per quello che fai per l\u2019Universo. La gente crea un mondo migliore e aiuta a svegliarsi da un profondo sonno.<\/span><\/p>\n<p style=\"text-align: center;\">Mariposa, Ritiro Casole d\u2019Elsa Maggio 2013<\/p>\n<hr class=\"ttfmake-hr\" style=\"border-style: solid; border-top-width: 1px;\" \/>\n<p style=\"text-align: center;\"><span style=\"font-size: 1.4rem; line-height: 1.55;\">La mia ricerca era cosi\u2019 seria , dopo sei arrivato cosi\u2019 come ti volevo, un tuffo in un<\/span><\/p>\n<p style=\"text-align: center;\">mare di spontaneita\u2019! E\u2019 iniziato il gioco , ogni giorno osservo la forma che danza in<br \/>\ninfiniti modi , meraviglia , barlumi sempre piu\u2019 distanti di incredulita\u2019! Sia fatta la<br \/>\ntua volonta\u2019! Ora e\u2019 gratitudine!<br \/>\nGrandMa, 2.04.2013<\/p>\n<hr class=\"ttfmake-hr\" style=\"border-style: solid; border-top-width: 1px;\" \/>\n<p style=\"text-align: center;\"><span style=\"font-size: 1.4rem; line-height: 1.55;\">Consiglio vivamente di partecipare al ritiro. Posso testimoniare direttamente che accade qualcosa che cambia radicalmente il tuo modo di vivere, liberandoti dagli schemi restrittivi della mente e dalle paure che si insidiano in essa. Il vero vivere \u00e8 libero e completo, \u00e8 dolce e pieno di gioia, e questo \u00e8 stato dimenticato. I discorsi di Avasa non vi danno alcuna conoscenza n\u00e9 pratica da seguire, ma semplicemente puntano il dito a quello che sei veramente e che era nascosto. La tua vera natura \u00e8 cos\u00ec piena che non desidera altro per essere gioiosa e piena di pace.<\/span><\/p>\n<p style=\"text-align: center;\">Se la vostra vita non \u00e8 cos\u00ec allora forse \u00e8 la volta buona per darle un taglio e cominciare a divertirsi davvero in questo gioco della vita. Riccardo, 3.5.2012<\/p>\n<hr class=\"ttfmake-hr\" style=\"border-style: solid; border-top-width: 1px;\" \/>\n<p style=\"text-align: center;\"><span style=\"font-size: 1.4rem; line-height: 1.55;\">VERITA\u2019, SII MALEDETTA<\/span><\/p>\n<p style=\"text-align: center;\" align=\"CENTER\">Maledetta.<br \/>\nMaledetta assassina.<br \/>\nMi invitasti, IO ignaro, all\u2019incontro.<br \/>\nUna salmastrosa sera di febbraio, nella citt\u00e0 del carnevale, a casa di amici stavi l\u00ec, travestita da gallica forma, di carisma ma ordinaria, accovacciata in riti a me nuovi.<\/p>\n<p style=\"text-align: center;\">Accanto a te una pulzella, delicata e sorridente nell\u2019italica forma, di voce innocua. Una degna compare che ancora regge il tuo pugnale.<br \/>\nSolo ora, maledetta verit\u00e0, so perch\u00e9 ero in prima fila.<\/p>\n<p style=\"text-align: center;\">Poi, l\u2019amore.<br \/>\nTravolgente.<br \/>\nPerduto dietro a te, come un adolescente alla prima scoperta del frutto proibito, del quale non pu\u00f2 pi\u00f9 fare a meno.<br \/>\nE da allora l\u00ec, ad occupare tutto il mio apparente tempo, ospite nella casa della mia mente con le tue sempre pi\u00f9 ingombranti valige.<br \/>\nMai una volta tu avessi lavato i piatti. Stronza.<\/p>\n<p style=\"text-align: center;\">Poi, il veleno.<br \/>\nAccecato dal folle amore non vedo che il calice da dove bevo il nettare della gioia \u00e8 avvelenato.<br \/>\nMa bevo, bevo lo stesso.<br \/>\nI veleni, IO, li conosco tutti. Per tutti ho un antidoto: La paura funziona sempre.<\/p>\n<p style=\"text-align: center;\">Poi, il nulla.<br \/>\nNo, ti prego, quello no.<br \/>\nNon lo conosco, quel veleno fatale.<br \/>\nDove l\u2019hai trovato ? Tu, maledetta verit\u00e0 !!<br \/>\nPresto ! L\u2019antidoto, la paura !<br \/>\nMa cosa fai, ci giochi ? Sei pazza !<br \/>\nFuggi, o morirai !<\/p>\n<p style=\"text-align: center;\">Poi, l\u2019agonia.<br \/>\nSto male, troppo male.<br \/>\nQuesta volta, lo sento, \u00e8 proprio l\u2019ultima.<br \/>\nAssassina, vigliacca assassina.<br \/>\nSono un pesce appena pescato, che si dibatte disperato dentro la barca.<\/p>\n<p style=\"text-align: center;\">Poi l\u2019ultima speranza.<br \/>\nAscoltami, ti prego.<br \/>\nMa la gaelica forma non \u00e8 forse un compassionevole pescatore ?<br \/>\nCome pu\u00f2 egli uccidere una delle sue prede ?<br \/>\nTi prego, ributtami nelle calde, confortevoli acque del ME !<br \/>\nPosso pagarti, ho due soldi da parte !<br \/>\nPossiamo accordarci !<br \/>\nSbrigati per\u00f2, sto soffocando !<\/p>\n<p style=\"text-align: center;\">Infine, la resa.<br \/>\nLo vedo, \u00e8 finita.<br \/>\nRestano i dettagli: le corone, i fiori, la messa.<\/p>\n<p style=\"text-align: center;\">A proposito, dov\u2019\u00e8 il cimitero ?<br \/>\nSai, \u00e8 per gli amici, tutti hanno il navigatore.<\/p>\n<p style=\"text-align: center;\">Cosa dici ? Non verr\u00e0 nessuno ?<br \/>\nNon \u00e8 vero, sai quante persone mi conoscevano ?<\/p>\n<p style=\"text-align: center;\">Smettila, dimmi la via e il numero civico.<br \/>\n..Via della sorgente, numero zero ?<br \/>\nMa non c\u2019\u00e8..<br \/>\nAspetta..<br \/>\nC\u2019\u00e8 un messaggio sul display del navigatore.<br \/>\nMi dice che non c\u2019\u00e8 la mappa, e mai ce n\u2019\u00e8 stata una.<br \/>\nNon capisco.<br \/>\nE in quel momento, in un lampo di luce, tutto \u00e8 compreso.<br \/>\nChubby, 11\/06\/2011<\/p>\n<p><\/p>","protected":false},"excerpt":{"rendered":"<p>La realizzazione della nostra vera natura porta con s\u00e9 cambiamenti radicali in ogni aspetto della vita. Corpo, mente, relazioni, tutto il mondo viene trasformato e processato in quel vuoto da cui l\u2019essere prende forma, in cui tutto \u00e8 e che Io Sono. Se vuoi condividere la tua esperienza e il cambiamento avvenuto dopo aver ascoltato&hellip; <a class=\"more-link\" href=\"https:\/\/bodhiavasa.net\/it\/comments\/\">Continua a leggere <span class=\"screen-reader-text\">Comments<\/span><\/a><\/p>\n","protected":false},"author":2,"featured_media":0,"parent":0,"menu_order":8,"comment_status":"closed","ping_status":"closed","template":"","meta":{"footnotes":""},"class_list":["post-97","page","type-page","status-publish","hentry","entry"],"_links":{"self":[{"href":"https:\/\/bodhiavasa.net\/it\/wp-json\/wp\/v2\/pages\/97","targetHints":{"allow":["GET"]}}],"collection":[{"href":"https:\/\/bodhiavasa.net\/it\/wp-json\/wp\/v2\/pages"}],"about":[{"href":"https:\/\/bodhiavasa.net\/it\/wp-json\/wp\/v2\/types\/page"}],"author":[{"embeddable":true,"href":"https:\/\/bodhiavasa.net\/it\/wp-json\/wp\/v2\/users\/2"}],"replies":[{"embeddable":true,"href":"https:\/\/bodhiavasa.net\/it\/wp-json\/wp\/v2\/comments?post=97"}],"version-history":[{"count":0,"href":"https:\/\/bodhiavasa.net\/it\/wp-json\/wp\/v2\/pages\/97\/revisions"}],"wp:attachment":[{"href":"https:\/\/bodhiavasa.net\/it\/wp-json\/wp\/v2\/media?parent=97"}],"curies":[{"name":"wp","href":"https:\/\/api.w.org\/{rel}","templated":true}]}}